{"id":2546,"date":"2025-05-14T08:33:00","date_gmt":"2025-05-14T06:33:00","guid":{"rendered":"https:\/\/matizol.pro-pages.com\/?page_id=2546"},"modified":"2025-06-11T07:40:01","modified_gmt":"2025-06-11T05:40:01","slug":"dokumentacja","status":"publish","type":"page","link":"https:\/\/matizol.com\/pl\/dokumentacja\/","title":{"rendered":"Dokumentacja"},"content":{"rendered":"<div class='breakdance'><section class=\"bde-section-2546-100 bde-section\">\n  \n  \n\t\n\n\n\n<div class=\"section-container\"><h1 class=\"bde-heading-2546-101 bde-heading\">\nDokumenty\n<\/h1><\/div>\n<\/section><section class=\"bde-section-2546-102 bde-section\">\n  \n  \n\t\n\n\n\n<div class=\"section-container\"><div class=\"bde-div-2546-103 bde-div\">\n  \n  \n\t\n\n\n\n<a class=\"bde-container-link-2546-104 bde-container-link breakdance-link\" href=\"https:\/\/matizol.com\/wp-content\/uploads\/MATIZOL-Katalog-produktowy.pdf\" target=\"_self\" data-type=\"url\">\n  \n  \n\t\n\n\n\n<h5 class=\"bde-heading-2546-105 bde-heading\">\nKatalog produktowy\n<\/h5>\n\n<\/a><a class=\"bde-container-link-2546-106 bde-container-link breakdance-link\" href=\"https:\/\/matizol.com\/wp-content\/uploads\/MATIZOL-Plynne-hydroizolacje-.pdf\" target=\"_self\" data-type=\"url\">\n  \n  \n\t\n\n\n\n<h5 class=\"bde-heading-2546-107 bde-heading\">\nKatalog p\u0142ynne hydroizolacje\n<\/h5>\n\n<\/a>\n<\/div><div class=\"bde-term-loop-2546-108 bde-term-loop\"><div class=\"bde-loop bde-loop-grid ee-posts ee-posts-grid\">    <article class=\"bde-loop-item ee-post\">\n        <div class='breakdance'><a class=\"bde-container-link-927-100-927-1 bde-container-link bde-container-link-927-100 breakdance-link\" href=\"https:\/\/matizol.com\/pl\/dokument\/broof\/\" target=\"_self\" data-type=\"url\">\n  \n  \n\t\n\n\n\n<h4 class=\"bde-heading-927-101-927-1 bde-heading bde-heading-927-101\">\nBroof\n<\/h4>\n\n<\/a><\/div>    <\/article>\n    <article class=\"bde-loop-item ee-post\">\n        <div class='breakdance'><a class=\"bde-container-link-927-100-927-2 bde-container-link bde-container-link-927-100 breakdance-link\" href=\"https:\/\/matizol.com\/pl\/dokument\/dokumentacja-produktowa\/\" target=\"_self\" data-type=\"url\">\n  \n  \n\t\n\n\n\n<h4 class=\"bde-heading-927-101-927-2 bde-heading bde-heading-927-101\">\nDokumentacja produktowa\n<\/h4>\n\n<\/a><\/div>    <\/article>\n    <article class=\"bde-loop-item ee-post\">\n        <div class='breakdance'><a class=\"bde-container-link-927-100-927-3 bde-container-link bde-container-link-927-100 breakdance-link\" href=\"https:\/\/matizol.com\/pl\/dokument\/gwarancje\/\" target=\"_self\" data-type=\"url\">\n  \n  \n\t\n\n\n\n<h4 class=\"bde-heading-927-101-927-3 bde-heading bde-heading-927-101\">\nGwarancje\n<\/h4>\n\n<\/a><\/div>    <\/article>\n    <article class=\"bde-loop-item ee-post\">\n        <div class='breakdance'><a class=\"bde-container-link-927-100-927-4 bde-container-link bde-container-link-927-100 breakdance-link\" href=\"https:\/\/matizol.com\/pl\/dokument\/instrukcje\/\" target=\"_self\" data-type=\"url\">\n  \n  \n\t\n\n\n\n<h4 class=\"bde-heading-927-101-927-4 bde-heading bde-heading-927-101\">\nInstrukcje\n<\/h4>\n\n<\/a><\/div>    <\/article>\n    <article class=\"bde-loop-item ee-post\">\n        <div class='breakdance'><a class=\"bde-container-link-927-100-927-5 bde-container-link bde-container-link-927-100 breakdance-link\" href=\"https:\/\/matizol.com\/pl\/dokument\/rowzwiazania-techniczne\/\" target=\"_self\" data-type=\"url\">\n  \n  \n\t\n\n\n\n<h4 class=\"bde-heading-927-101-927-5 bde-heading bde-heading-927-101\">\nRozwi\u0105zania techniczne\n<\/h4>\n\n<\/a><\/div>    <\/article>\n    <article class=\"bde-loop-item ee-post\">\n        <div class='breakdance'><a class=\"bde-container-link-927-100-927-6 bde-container-link bde-container-link-927-100 breakdance-link\" href=\"https:\/\/matizol.com\/pl\/dokument\/zakladowa-kontrola-produkcji\/\" target=\"_self\" data-type=\"url\">\n  \n  \n\t\n\n\n\n<h4 class=\"bde-heading-927-101-927-6 bde-heading bde-heading-927-101\">\nZak\u0142adowa Kontrola Produkcji\n<\/h4>\n\n<\/a><\/div>    <\/article>\n<\/div><\/div><\/div>\n<\/section><\/div>","protected":false},"excerpt":{"rendered":"<p>Dokumenty Katalog produktowy Katalog p\u0142ynne hydroizolacje Broof Dokumentacja produktowa Gwarancje Instrukcje Rozwi\u0105zania techniczne Zak\u0142adowa Kontrola Produkcji<\/p>\n","protected":false},"author":1,"featured_media":0,"parent":0,"menu_order":0,"comment_status":"closed","ping_status":"closed","template":"","meta":{"_breakdance_hide_in_design_set":false,"_breakdance_tags":"","footnotes":""},"class_list":["post-2546","page","type-page","status-publish","hentry"],"yoast_head":"<!-- This site is optimized with the Yoast SEO plugin v27.3 - https:\/\/yoast.com\/product\/yoast-seo-wordpress\/ -->\n<title>Dokumentacja - Matizol<\/title>\n<meta name=\"robots\" content=\"index, follow, max-snippet:-1, max-image-preview:large, max-video-preview:-1\" \/>\n<link rel=\"canonical\" href=\"https:\/\/matizol.com\/pl\/dokumentacja\/\" \/>\n<meta property=\"og:locale\" content=\"pl_PL\" \/>\n<meta property=\"og:type\" content=\"article\" \/>\n<meta property=\"og:title\" content=\"Dokumentacja - Matizol\" \/>\n<meta property=\"og:description\" content=\"Dokumenty Katalog produktowy Katalog p\u0142ynne hydroizolacje Broof Dokumentacja produktowa Gwarancje Instrukcje Rozwi\u0105zania techniczne Zak\u0142adowa Kontrola Produkcji\" \/>\n<meta property=\"og:url\" content=\"https:\/\/matizol.com\/pl\/dokumentacja\/\" \/>\n<meta property=\"og:site_name\" content=\"Matizol\" \/>\n<meta property=\"article:modified_time\" content=\"2025-06-11T05:40:01+00:00\" \/>\n<meta name=\"twitter:card\" content=\"summary_large_image\" \/>\n<script type=\"application\/ld+json\" class=\"yoast-schema-graph\">{\"@context\":\"https:\\\/\\\/schema.org\",\"@graph\":[{\"@type\":\"WebPage\",\"@id\":\"https:\\\/\\\/matizol.com\\\/pl\\\/dokumentacja\\\/\",\"url\":\"https:\\\/\\\/matizol.com\\\/pl\\\/dokumentacja\\\/\",\"name\":\"Dokumentacja - Matizol\",\"isPartOf\":{\"@id\":\"https:\\\/\\\/matizol.com\\\/pl\\\/#website\"},\"datePublished\":\"2025-05-14T06:33:00+00:00\",\"dateModified\":\"2025-06-11T05:40:01+00:00\",\"breadcrumb\":{\"@id\":\"https:\\\/\\\/matizol.com\\\/pl\\\/dokumentacja\\\/#breadcrumb\"},\"inLanguage\":\"pl-PL\",\"potentialAction\":[{\"@type\":\"ReadAction\",\"target\":[\"https:\\\/\\\/matizol.com\\\/pl\\\/dokumentacja\\\/\"]}]},{\"@type\":\"BreadcrumbList\",\"@id\":\"https:\\\/\\\/matizol.com\\\/pl\\\/dokumentacja\\\/#breadcrumb\",\"itemListElement\":[{\"@type\":\"ListItem\",\"position\":1,\"name\":\"Strona g\u0142\u00f3wna\",\"item\":\"https:\\\/\\\/matizol.com\\\/pl\\\/\"},{\"@type\":\"ListItem\",\"position\":2,\"name\":\"Dokumentacja\"}]},{\"@type\":\"WebSite\",\"@id\":\"https:\\\/\\\/matizol.com\\\/pl\\\/#website\",\"url\":\"https:\\\/\\\/matizol.com\\\/pl\\\/\",\"name\":\"Matizol\",\"description\":\"Poland&#039;s leading supplier of high-quality bitumen systems for flat roofs.\",\"potentialAction\":[{\"@type\":\"SearchAction\",\"target\":{\"@type\":\"EntryPoint\",\"urlTemplate\":\"https:\\\/\\\/matizol.com\\\/pl\\\/?s={search_term_string}\"},\"query-input\":{\"@type\":\"PropertyValueSpecification\",\"valueRequired\":true,\"valueName\":\"search_term_string\"}}],\"inLanguage\":\"pl-PL\"}]}<\/script>\n<!-- \/ Yoast SEO plugin. -->","yoast_head_json":{"title":"Dokumentacja - Matizol","robots":{"index":"index","follow":"follow","max-snippet":"max-snippet:-1","max-image-preview":"max-image-preview:large","max-video-preview":"max-video-preview:-1"},"canonical":"https:\/\/matizol.com\/pl\/dokumentacja\/","og_locale":"pl_PL","og_type":"article","og_title":"Dokumentacja - Matizol","og_description":"Dokumenty Katalog produktowy Katalog p\u0142ynne hydroizolacje Broof Dokumentacja produktowa Gwarancje Instrukcje Rozwi\u0105zania techniczne Zak\u0142adowa Kontrola Produkcji","og_url":"https:\/\/matizol.com\/pl\/dokumentacja\/","og_site_name":"Matizol","article_modified_time":"2025-06-11T05:40:01+00:00","twitter_card":"summary_large_image","schema":{"@context":"https:\/\/schema.org","@graph":[{"@type":"WebPage","@id":"https:\/\/matizol.com\/pl\/dokumentacja\/","url":"https:\/\/matizol.com\/pl\/dokumentacja\/","name":"Dokumentacja - Matizol","isPartOf":{"@id":"https:\/\/matizol.com\/pl\/#website"},"datePublished":"2025-05-14T06:33:00+00:00","dateModified":"2025-06-11T05:40:01+00:00","breadcrumb":{"@id":"https:\/\/matizol.com\/pl\/dokumentacja\/#breadcrumb"},"inLanguage":"pl-PL","potentialAction":[{"@type":"ReadAction","target":["https:\/\/matizol.com\/pl\/dokumentacja\/"]}]},{"@type":"BreadcrumbList","@id":"https:\/\/matizol.com\/pl\/dokumentacja\/#breadcrumb","itemListElement":[{"@type":"ListItem","position":1,"name":"Strona g\u0142\u00f3wna","item":"https:\/\/matizol.com\/pl\/"},{"@type":"ListItem","position":2,"name":"Dokumentacja"}]},{"@type":"WebSite","@id":"https:\/\/matizol.com\/pl\/#website","url":"https:\/\/matizol.com\/pl\/","name":"Matizol","description":"Poland&#039;s leading supplier of high-quality bitumen systems for flat roofs.","potentialAction":[{"@type":"SearchAction","target":{"@type":"EntryPoint","urlTemplate":"https:\/\/matizol.com\/pl\/?s={search_term_string}"},"query-input":{"@type":"PropertyValueSpecification","valueRequired":true,"valueName":"search_term_string"}}],"inLanguage":"pl-PL"}]}},"meta_box":[],"_links":{"self":[{"href":"https:\/\/matizol.com\/pl\/wp-json\/wp\/v2\/pages\/2546","targetHints":{"allow":["GET"]}}],"collection":[{"href":"https:\/\/matizol.com\/pl\/wp-json\/wp\/v2\/pages"}],"about":[{"href":"https:\/\/matizol.com\/pl\/wp-json\/wp\/v2\/types\/page"}],"author":[{"embeddable":true,"href":"https:\/\/matizol.com\/pl\/wp-json\/wp\/v2\/users\/1"}],"replies":[{"embeddable":true,"href":"https:\/\/matizol.com\/pl\/wp-json\/wp\/v2\/comments?post=2546"}],"version-history":[{"count":5,"href":"https:\/\/matizol.com\/pl\/wp-json\/wp\/v2\/pages\/2546\/revisions"}],"predecessor-version":[{"id":5349,"href":"https:\/\/matizol.com\/pl\/wp-json\/wp\/v2\/pages\/2546\/revisions\/5349"}],"wp:attachment":[{"href":"https:\/\/matizol.com\/pl\/wp-json\/wp\/v2\/media?parent=2546"}],"curies":[{"name":"wp","href":"https:\/\/api.w.org\/{rel}","templated":true}]}}