{"id":6583,"date":"2025-05-14T08:33:00","date_gmt":"2025-05-14T06:33:00","guid":{"rendered":"https:\/\/matizol.com\/dokumentacio-2\/"},"modified":"2025-12-02T15:49:07","modified_gmt":"2025-12-02T14:49:07","slug":"dokumentacio","status":"publish","type":"page","link":"https:\/\/matizol.com\/hu\/dokumentacio\/","title":{"rendered":"Dokument\u00e1ci\u00f3"},"content":{"rendered":"<div class='breakdance'><section class=\"bde-section-6583-100 bde-section\">\n  \n  \n\t\n\n\n\n<div class=\"section-container\"><h1 class=\"bde-heading-6583-101 bde-heading\">\nDokument\u00e1ci\u00f3\n<\/h1><\/div>\n<\/section><section class=\"bde-section-6583-102 bde-section\">\n  \n  \n\t\n\n\n\n<div class=\"section-container\"><div class=\"bde-div-6583-103 bde-div\">\n  \n  \n\t\n\n\n\n<a class=\"bde-container-link-6583-104 bde-container-link breakdance-link\" href=\"https:\/\/matizol.com\/wp-content\/uploads\/MATIZOL-KIADVANY.pdf\" target=\"_self\" data-type=\"url\">\n  \n  \n\t\n\n\n\n<h5 class=\"bde-heading-6583-105 bde-heading\">\nTerm\u00e9kkatal\u00f3gus\n<\/h5>\n\n<\/a><a class=\"bde-container-link-6583-106 bde-container-link breakdance-link\" href=\"https:\/\/matizol.com\/wp-content\/uploads\/MATIZOL-Plynne-hydroizolacje-.pdf\" target=\"_self\" data-type=\"url\">\n  \n  \n\t\n\n\n\n<h5 class=\"bde-heading-6583-107 bde-heading\">\nFoly\u00e9kony v\u00edzszigetel\u0151 anyagok katal\u00f3gusa\n<\/h5>\n\n<\/a>\n<\/div><div class=\"bde-term-loop-6583-108 bde-term-loop\"><div class=\"bde-loop bde-loop-grid ee-posts ee-posts-grid\">    <article class=\"bde-loop-item ee-post\">\n        <div class='breakdance'><a class=\"bde-container-link-927-100-927-1 bde-container-link bde-container-link-927-100 breakdance-link\" href=\"https:\/\/matizol.com\/hu\/dokument\/belso-gyartasellenorzes\/\" target=\"_self\" data-type=\"url\">\n  \n  \n\t\n\n\n\n<h4 class=\"bde-heading-927-101-927-1 bde-heading bde-heading-927-101\">\nBels\u0151 gy\u00e1rt\u00e1sellen\u0151rz\u00e9s\n<\/h4>\n\n<\/a><\/div>    <\/article>\n    <article class=\"bde-loop-item ee-post\">\n        <div class='breakdance'><a class=\"bde-container-link-927-100-927-2 bde-container-link bde-container-link-927-100 breakdance-link\" href=\"https:\/\/matizol.com\/hu\/dokument\/broof-hu\/\" target=\"_self\" data-type=\"url\">\n  \n  \n\t\n\n\n\n<h4 class=\"bde-heading-927-101-927-2 bde-heading bde-heading-927-101\">\nBroof\n<\/h4>\n\n<\/a><\/div>    <\/article>\n    <article class=\"bde-loop-item ee-post\">\n        <div class='breakdance'><a class=\"bde-container-link-927-100-927-3 bde-container-link bde-container-link-927-100 breakdance-link\" href=\"https:\/\/matizol.com\/hu\/dokument\/garanciak\/\" target=\"_self\" data-type=\"url\">\n  \n  \n\t\n\n\n\n<h4 class=\"bde-heading-927-101-927-3 bde-heading bde-heading-927-101\">\nGaranci\u00e1k\n<\/h4>\n\n<\/a><\/div>    <\/article>\n    <article class=\"bde-loop-item ee-post\">\n        <div class='breakdance'><a class=\"bde-container-link-927-100-927-4 bde-container-link bde-container-link-927-100 breakdance-link\" href=\"https:\/\/matizol.com\/hu\/dokument\/muszaki-megoldasok\/\" target=\"_self\" data-type=\"url\">\n  \n  \n\t\n\n\n\n<h4 class=\"bde-heading-927-101-927-4 bde-heading bde-heading-927-101\">\nM\u0171szaki megold\u00e1sok\n<\/h4>\n\n<\/a><\/div>    <\/article>\n    <article class=\"bde-loop-item ee-post\">\n        <div class='breakdance'><a class=\"bde-container-link-927-100-927-5 bde-container-link bde-container-link-927-100 breakdance-link\" href=\"https:\/\/matizol.com\/hu\/dokument\/termek-dokumentacio\/\" target=\"_self\" data-type=\"url\">\n  \n  \n\t\n\n\n\n<h4 class=\"bde-heading-927-101-927-5 bde-heading bde-heading-927-101\">\nTerm\u00e9k dokument\u00e1ci\u00f3\n<\/h4>\n\n<\/a><\/div>    <\/article>\n    <article class=\"bde-loop-item ee-post\">\n        <div class='breakdance'><a class=\"bde-container-link-927-100-927-6 bde-container-link bde-container-link-927-100 breakdance-link\" href=\"https:\/\/matizol.com\/hu\/dokument\/utasitasok\/\" target=\"_self\" data-type=\"url\">\n  \n  \n\t\n\n\n\n<h4 class=\"bde-heading-927-101-927-6 bde-heading bde-heading-927-101\">\nUtas\u00edt\u00e1sok\n<\/h4>\n\n<\/a><\/div>    <\/article>\n<\/div><\/div><\/div>\n<\/section><\/div>","protected":false},"excerpt":{"rendered":"<p>Dokument\u00e1ci\u00f3 Term\u00e9kkatal\u00f3gus Foly\u00e9kony v\u00edzszigetel\u0151 anyagok katal\u00f3gusa Bels\u0151 gy\u00e1rt\u00e1sellen\u0151rz\u00e9s Broof Garanci\u00e1k M\u0171szaki megold\u00e1sok Term\u00e9k dokument\u00e1ci\u00f3 Utas\u00edt\u00e1sok<\/p>\n","protected":false},"author":1,"featured_media":0,"parent":0,"menu_order":0,"comment_status":"closed","ping_status":"closed","template":"","meta":{"_breakdance_hide_in_design_set":false,"_breakdance_tags":"","footnotes":""},"class_list":["post-6583","page","type-page","status-publish","hentry"],"yoast_head":"<!-- This site is optimized with the Yoast SEO plugin v27.3 - https:\/\/yoast.com\/product\/yoast-seo-wordpress\/ -->\n<title>Dokument\u00e1ci\u00f3 - Matizol<\/title>\n<meta name=\"robots\" content=\"index, follow, max-snippet:-1, max-image-preview:large, max-video-preview:-1\" \/>\n<link rel=\"canonical\" href=\"https:\/\/matizol.com\/hu\/dokumentacio\/\" \/>\n<meta property=\"og:locale\" content=\"hu_HU\" \/>\n<meta property=\"og:type\" content=\"article\" \/>\n<meta property=\"og:title\" content=\"Dokument\u00e1ci\u00f3 - Matizol\" \/>\n<meta property=\"og:description\" content=\"Dokument\u00e1ci\u00f3 Term\u00e9kkatal\u00f3gus Foly\u00e9kony v\u00edzszigetel\u0151 anyagok katal\u00f3gusa Bels\u0151 gy\u00e1rt\u00e1sellen\u0151rz\u00e9s Broof Garanci\u00e1k M\u0171szaki megold\u00e1sok Term\u00e9k dokument\u00e1ci\u00f3 Utas\u00edt\u00e1sok\" \/>\n<meta property=\"og:url\" content=\"https:\/\/matizol.com\/hu\/dokumentacio\/\" \/>\n<meta property=\"og:site_name\" content=\"Matizol\" \/>\n<meta property=\"article:modified_time\" content=\"2025-12-02T14:49:07+00:00\" \/>\n<meta name=\"twitter:card\" content=\"summary_large_image\" \/>\n<meta name=\"twitter:label1\" content=\"Becs\u00fclt olvas\u00e1si id\u0151\" \/>\n\t<meta name=\"twitter:data1\" content=\"1 perc\" \/>\n<script type=\"application\/ld+json\" class=\"yoast-schema-graph\">{\"@context\":\"https:\\\/\\\/schema.org\",\"@graph\":[{\"@type\":\"WebPage\",\"@id\":\"https:\\\/\\\/matizol.com\\\/hu\\\/dokumentacio\\\/\",\"url\":\"https:\\\/\\\/matizol.com\\\/hu\\\/dokumentacio\\\/\",\"name\":\"Dokument\u00e1ci\u00f3 - Matizol\",\"isPartOf\":{\"@id\":\"https:\\\/\\\/matizol.com\\\/hu\\\/#website\"},\"datePublished\":\"2025-05-14T06:33:00+00:00\",\"dateModified\":\"2025-12-02T14:49:07+00:00\",\"breadcrumb\":{\"@id\":\"https:\\\/\\\/matizol.com\\\/hu\\\/dokumentacio\\\/#breadcrumb\"},\"inLanguage\":\"hu\",\"potentialAction\":[{\"@type\":\"ReadAction\",\"target\":[\"https:\\\/\\\/matizol.com\\\/hu\\\/dokumentacio\\\/\"]}]},{\"@type\":\"BreadcrumbList\",\"@id\":\"https:\\\/\\\/matizol.com\\\/hu\\\/dokumentacio\\\/#breadcrumb\",\"itemListElement\":[{\"@type\":\"ListItem\",\"position\":1,\"name\":\"Strona g\u0142\u00f3wna\",\"item\":\"https:\\\/\\\/matizol.com\\\/hu\\\/strona-glowna\\\/\"},{\"@type\":\"ListItem\",\"position\":2,\"name\":\"Dokument\u00e1ci\u00f3\"}]},{\"@type\":\"WebSite\",\"@id\":\"https:\\\/\\\/matizol.com\\\/hu\\\/#website\",\"url\":\"https:\\\/\\\/matizol.com\\\/hu\\\/\",\"name\":\"Matizol\",\"description\":\"Poland&#039;s leading supplier of high-quality bitumen systems for flat roofs.\",\"potentialAction\":[{\"@type\":\"SearchAction\",\"target\":{\"@type\":\"EntryPoint\",\"urlTemplate\":\"https:\\\/\\\/matizol.com\\\/hu\\\/?s={search_term_string}\"},\"query-input\":{\"@type\":\"PropertyValueSpecification\",\"valueRequired\":true,\"valueName\":\"search_term_string\"}}],\"inLanguage\":\"hu\"}]}<\/script>\n<!-- \/ Yoast SEO plugin. -->","yoast_head_json":{"title":"Dokument\u00e1ci\u00f3 - Matizol","robots":{"index":"index","follow":"follow","max-snippet":"max-snippet:-1","max-image-preview":"max-image-preview:large","max-video-preview":"max-video-preview:-1"},"canonical":"https:\/\/matizol.com\/hu\/dokumentacio\/","og_locale":"hu_HU","og_type":"article","og_title":"Dokument\u00e1ci\u00f3 - Matizol","og_description":"Dokument\u00e1ci\u00f3 Term\u00e9kkatal\u00f3gus Foly\u00e9kony v\u00edzszigetel\u0151 anyagok katal\u00f3gusa Bels\u0151 gy\u00e1rt\u00e1sellen\u0151rz\u00e9s Broof Garanci\u00e1k M\u0171szaki megold\u00e1sok Term\u00e9k dokument\u00e1ci\u00f3 Utas\u00edt\u00e1sok","og_url":"https:\/\/matizol.com\/hu\/dokumentacio\/","og_site_name":"Matizol","article_modified_time":"2025-12-02T14:49:07+00:00","twitter_card":"summary_large_image","twitter_misc":{"Becs\u00fclt olvas\u00e1si id\u0151":"1 perc"},"schema":{"@context":"https:\/\/schema.org","@graph":[{"@type":"WebPage","@id":"https:\/\/matizol.com\/hu\/dokumentacio\/","url":"https:\/\/matizol.com\/hu\/dokumentacio\/","name":"Dokument\u00e1ci\u00f3 - Matizol","isPartOf":{"@id":"https:\/\/matizol.com\/hu\/#website"},"datePublished":"2025-05-14T06:33:00+00:00","dateModified":"2025-12-02T14:49:07+00:00","breadcrumb":{"@id":"https:\/\/matizol.com\/hu\/dokumentacio\/#breadcrumb"},"inLanguage":"hu","potentialAction":[{"@type":"ReadAction","target":["https:\/\/matizol.com\/hu\/dokumentacio\/"]}]},{"@type":"BreadcrumbList","@id":"https:\/\/matizol.com\/hu\/dokumentacio\/#breadcrumb","itemListElement":[{"@type":"ListItem","position":1,"name":"Strona g\u0142\u00f3wna","item":"https:\/\/matizol.com\/hu\/strona-glowna\/"},{"@type":"ListItem","position":2,"name":"Dokument\u00e1ci\u00f3"}]},{"@type":"WebSite","@id":"https:\/\/matizol.com\/hu\/#website","url":"https:\/\/matizol.com\/hu\/","name":"Matizol","description":"Poland&#039;s leading supplier of high-quality bitumen systems for flat roofs.","potentialAction":[{"@type":"SearchAction","target":{"@type":"EntryPoint","urlTemplate":"https:\/\/matizol.com\/hu\/?s={search_term_string}"},"query-input":{"@type":"PropertyValueSpecification","valueRequired":true,"valueName":"search_term_string"}}],"inLanguage":"hu"}]}},"meta_box":[],"_links":{"self":[{"href":"https:\/\/matizol.com\/hu\/wp-json\/wp\/v2\/pages\/6583","targetHints":{"allow":["GET"]}}],"collection":[{"href":"https:\/\/matizol.com\/hu\/wp-json\/wp\/v2\/pages"}],"about":[{"href":"https:\/\/matizol.com\/hu\/wp-json\/wp\/v2\/types\/page"}],"author":[{"embeddable":true,"href":"https:\/\/matizol.com\/hu\/wp-json\/wp\/v2\/users\/1"}],"replies":[{"embeddable":true,"href":"https:\/\/matizol.com\/hu\/wp-json\/wp\/v2\/comments?post=6583"}],"version-history":[{"count":5,"href":"https:\/\/matizol.com\/hu\/wp-json\/wp\/v2\/pages\/6583\/revisions"}],"predecessor-version":[{"id":7530,"href":"https:\/\/matizol.com\/hu\/wp-json\/wp\/v2\/pages\/6583\/revisions\/7530"}],"wp:attachment":[{"href":"https:\/\/matizol.com\/hu\/wp-json\/wp\/v2\/media?parent=6583"}],"curies":[{"name":"wp","href":"https:\/\/api.w.org\/{rel}","templated":true}]}}