{"id":5181,"date":"2024-08-16T11:02:49","date_gmt":"2024-08-16T09:02:49","guid":{"rendered":"https:\/\/matizol.pro-pages.com\/strona-glowna\/"},"modified":"2025-06-12T09:44:08","modified_gmt":"2025-06-12T07:44:08","slug":"strona-glowna","status":"publish","type":"page","link":"https:\/\/matizol.com\/hu\/","title":{"rendered":"Home page HU"},"content":{"rendered":"<div class='breakdance'><section class=\"bde-section-5181-100 bde-section\">\n  \n  \n\t\n\n\n\n<div class=\"section-container\"><div class=\"bde-advancedslider-5181-112 bde-advancedslider\">\n<div class=\"breakdance-swiper-wrapper\" data-swiper-id=\"112\">\n  <div class=\"swiper\">\n    <div class=\"swiper-wrapper\">\n      <div class=\"bde-advancedslide-5181-113 bde-advancedslide swiper-slide\"><div class=\"advanced-slider__slide\">\r\n  <div class=\"bde-div-5181-123 bde-div\">\n  \n  \n\t\n\n\n\n<div class=\"bde-text-5181-108 bde-text\">\n<span class=\"slider-text-row\">\u00a0Modern polimer megold\u00e1sok tet\u0151fed\u00e9sek, erk\u00e9lyek, teraszok \u00e9s alapok v\u00edzszigetel\u00e9s\u00e9re!\u00a0<\/span>\n<\/div><div class=\"bde-button-5181-106 bde-button button-tilt\">\n    \n                        \n                        \n    \n    \n    \n    \n            \n                    \n            \n            \n\n    \n    \n    \n    \n    \n    <a class=\"breakdance-link button-atom button-atom--secondary bde-button__button\" href=\"\/pl\/plynne-hydroizolacje\/\" target=\"_self\" data-type=\"url\"  >\n\n    \n        <span class=\"button-atom__text\">Zobacz wi\u0119cej<\/span>\n\n        \n        \n                <\/a>\n\n    \n\n\n<\/div>\n<\/div>\r\n<\/div><\/div>\n    <\/div>\n  <\/div>\n\n              <div class=\"swiper-button-prev\">\n            \n        <\/div>\n        <div class=\"swiper-button-next\">\n            \n        <\/div>\n    \n            <div class=\"swiper-pagination\"><\/div>\n    \n<\/div>\n\n<\/div><\/div>\n<\/section><section class=\"bde-section-5181-128 bde-section\">\n  \n  \n\t\n\n\n\n<div class=\"section-container\"><h1 class=\"bde-heading-5181-129 bde-heading\">\nMATIZOL KOMPLETTSZOLG\u00c1LTAT\u00c1SOK\n<\/h1><div class=\"bde-text-5181-131 bde-text\">\nIsmerje meg a bitumenes rendszereket \u00e9s megold\u00e1sokat lapos \u00e9s ferde tet\u0151kh\u00f6z, valamint alapokhoz. Fedezze fel a legig\u00e9nyesebb szakemberek \u00e1ltal v\u00e1lasztott term\u00e9keket.\n<\/div><div class=\"bde-div-5181-165 bde-div\">\n  \n  \n\t\n\n\n\n<div class=\"bde-button-5181-167 bde-button button-tilt\">\n    \n                                    \n    \n    \n    \n    \n            \n                    \n            \n            \n\n    \n    \n    \n    \n    \n    <a class=\"breakdance-link button-atom button-atom--primary bde-button__button\" href=\"\/pl\/produkty\/\" target=\"_self\" data-type=\"url\"  >\n\n    \n        <span class=\"button-atom__text\">Produkty<\/span>\n\n        \n        \n                <\/a>\n\n    \n\n\n<\/div><div class=\"bde-button-5181-166 bde-button button-tilt\">\n    \n                        \n                        \n    \n    \n    \n    \n            \n                    \n            \n            \n\n    \n    \n    \n    \n    \n    <a class=\"breakdance-link button-atom button-atom--secondary bde-button__button\" href=\"\/pl\/systemy\/\" target=\"_self\" data-type=\"url\"  >\n\n    \n        <span class=\"button-atom__text\">Systemy<\/span>\n\n        \n        \n                <\/a>\n\n    \n\n\n<\/div>\n<\/div><\/div>\n<\/section><section class=\"bde-section-5181-249 bde-section\">\n  \n  \n\t\n\n\n\n<div class=\"section-container\"><div class=\"bde-shortcode-5181-247 bde-shortcode\"><iframe loading=\"lazy\" src=\"https:\/\/player.flipsnack.com?hash=RkNERERDQzhCN0ErY2o1MnB1aGJkYw==\" width=\"100%\" height=\"100%\" seamless=\"seamless\" scrolling=\"no\" frameBorder=\"0\" allowFullScreen allow=\"autoplay; clipboard-read; clipboard-write\"><\/iframe><\/div><\/div>\n<\/section><section class=\"bde-section-5181-141 bde-section\" data-bde-lazy-bg=\"waiting\">\n  \n        \n    \n\t\n\n\n\n<div class=\"section-container\"><h2 class=\"bde-heading-5181-142 bde-heading\">\nIsmerje meg a Matizolt\n<\/h2><div class=\"bde-text-5181-144 bde-text\">\nA Matizol az egyik kev\u00e9s lengyel v\u00e1llalat, amely t\u00f6bb mint 120 \u00e9ves hagyom\u00e1nyokkal b\u00fcszk\u00e9lkedhet a bitumenes anyagok gy\u00e1rt\u00e1sa ter\u00e9n. Az els\u0151 gy\u00e1r m\u00e9g a 19. sz\u00e1zadban \u00e9p\u00fclt Gorlic\u00e1ban, \u00e9s 1900 \u00f3ta folyamatosan m\u0171k\u00f6dik.<br><br>Az befektet\u0151k \u00e9s kivitelez\u0151k elv\u00e1r\u00e1sainak megfelelve a Matizol folyamatosan b\u0151v\u00edti k\u00edn\u00e1lat\u00e1t \u00faj, innovat\u00edv megold\u00e1sokkal. Szaklaborat\u00f3riumunk fel\u00fcgyeli a gy\u00e1rtott term\u00e9kek min\u0151s\u00e9g\u00e9t, n\u00f6velve ezzel \u00fcgyfeleink bizalm\u00e1t term\u00e9keink ir\u00e1nt.<br><br>A folyamatos fejl\u0151d\u00e9snek k\u00f6sz\u00f6nhet\u0151en a Matizol folyamatosan n\u00f6veli r\u00e9szesed\u00e9s\u00e9t a v\u00edzszigetel\u00e9s piac\u00e1n \u00e9s a bitumenes pap\u00edr \u00e9s massz\u00e1k egyik vezet\u0151 sz\u00e1ll\u00edt\u00f3ja a lengyel piacon.\n<\/div><div class=\"bde-button-5181-147 bde-button button-tilt\">\n    \n                        \n                        \n    \n    \n    \n    \n            \n                    \n            \n            \n\n    \n    \n    \n    \n    \n    <a class=\"breakdance-link button-atom button-atom--secondary bde-button__button\" href=\"\/pl\/o-nas\/\" target=\"_self\" data-type=\"url\"  >\n\n    \n        <span class=\"button-atom__text\">o NAS<\/span>\n\n        \n        \n                <\/a>\n\n    \n\n\n<\/div><\/div>\n<\/section><section class=\"bde-section-5181-250 bde-section\">\n  \n  \n\t\n\n\n\n<div class=\"section-container\"><div class=\"bde-wpgbfacet-5181-251 bde-wpgbfacet\"><div class=\"wpgb-facet wpgb-loading wpgb-facet-17 wpgb-style-1\" data-facet=\"17\" data-grid=\"wpgb-content\"><\/div><\/div><div class=\"bde-wpgbfacet-5181-252 bde-wpgbfacet\"><div class=\"wpgb-facet wpgb-loading wpgb-facet-15 wpgb-style-1\" data-facet=\"15\" data-grid=\"wpgb-content\"><\/div><\/div><\/div>\n<\/section><section class=\"bde-section-5181-148 bde-section\">\n  \n  \n\t\n\n\n\n<div class=\"section-container\"><div class=\"bde-div-5181-153 bde-div\">\n  \n  \n\t\n\n\n\n<h3 class=\"bde-heading-5181-154 bde-heading\">\nEL\u00c9RHET\u0150S\u00c9G\n<\/h3><div class=\"bde-div-5181-156 bde-div\">\n  \n  \n\t\n\n\n\n<div class=\"bde-rich-text-5181-155 bde-rich-text breakdance-rich-text-styles\">\n<p><span class=\"ui-provider ee bfe bff bfg bfh bfi bfj bfk bfl bfm bfn bfo bfp bfq bfr bfs bft bfu bfv bfw bfx bfy bfz bga bgb bgc bgd bge bgf bgg bgh bgi bgj bgk bgl\" dir=\"ltr\"><strong>SELENA HUNG\u00c1RIA KFT.<\/strong><\/span><br \/>Bajor u. 1.<br \/>7630 P\u00e9cs, Hungary<br \/>tel.: +3670 319 0203<br \/><a href=\"mailto:selena.hungaria@selena.com\">selena.hungaria@selena.com<\/a><\/p>\n<\/div><div class=\"bde-rich-text-5181-157 bde-rich-text breakdance-rich-text-styles\">\n<p><strong>Inform\u00e1ci\u00f3s vonal<\/strong><br \/>H\u00e9tf\u0151t\u0151l p\u00e9ntekig, 8-16 \u00f3r\u00e1ig<br \/>tel.: <a href=\"tel:+36705010868\">+36 70 501 0868<\/a><\/p>\n<\/div>\n<\/div>\n<\/div><div class=\"bde-div-5181-152 bde-div\">\n  \n  \n\t\n\n\n\n<h3 class=\"bde-heading-5181-158 bde-heading\">\nFORMULARZ KONTAKTOWY<br>\n<\/h3><div class=\"bde-globalblock-5181-189 bde-globalblock\"><div class='breakdance'><div class=\"bde-form-builder-1162-102-1162-1 bde-form-builder bde-form-builder-1162-102\">\n\n<form id=\"contact-form102\" class=\"breakdance-form breakdance-form--vertical\" data-options=\"{&quot;slug&quot;:&quot;custom&quot;,&quot;name&quot;:&quot;Contact Form&quot;,&quot;ajaxUrl&quot;:&quot;https:\\\/\\\/matizol.com\\\/wp-admin\\\/admin-ajax.php&quot;,&quot;clearOnSuccess&quot;:true,&quot;hideOnSuccess&quot;:false,&quot;successMessage&quot;:&quot;Otrzymali\\u015bmy Twoj\\u0105 wiadomo\\u015b\\u0107.&quot;,&quot;errorMessage&quot;:&quot;Co\\u015b posz\\u0142o nie tak&quot;,&quot;redirect&quot;:false,&quot;redirectUrl&quot;:&quot;&quot;,&quot;customJavaScript&quot;:&quot;&quot;,&quot;recaptcha&quot;:{&quot;key&quot;:&quot;&quot;,&quot;enabled&quot;:false},&quot;honeypot_enabled&quot;:false,&quot;popupsOnSuccess&quot;:[],&quot;popupsOnError&quot;:[]}\" data-steps=\"0\" >\n  \n  \n  \n<div class=\"breakdance-form-field breakdance-form-field--text\" >\n    \n    \n            <label class=\"breakdance-form-field__label\" for=\"name\">\n            Imi\u0119 i nazwisko<span class=\"breakdance-form-field__required\">*<\/span>\n        <\/label>\n    \n    <input\n    class=\"breakdance-form-field__input\"\n    id=\"name\"\n    aria-describedby=\"name\"\n    type=\"text\"\n    name=\"fields[name]\"\n    placeholder=\"\"\n    value=\"\"\n                \n        \n        \n    required\n    \n    \n    \n>\n\n\n    \n    \n<\/div>\n\n\n<div class=\"breakdance-form-field breakdance-form-field--email\" >\n    \n    \n            <label class=\"breakdance-form-field__label\" for=\"email\">\n            Email<span class=\"breakdance-form-field__required\">*<\/span>\n        <\/label>\n    \n    <input\n    class=\"breakdance-form-field__input\"\n    id=\"email\"\n    aria-describedby=\"email\"\n    type=\"email\"\n    name=\"fields[email]\"\n    placeholder=\"\"\n    value=\"\"\n                \n        \n        \n    required\n    \n    \n    \n>\n\n\n    \n    \n<\/div>\n\n\n<div class=\"breakdance-form-field breakdance-form-field--tel\" >\n    \n    \n            <label class=\"breakdance-form-field__label\" for=\"phone\">\n            Numer telefonu\n        <\/label>\n    \n    <input\n    class=\"breakdance-form-field__input\"\n    id=\"phone\"\n    aria-describedby=\"phone\"\n    type=\"tel\"\n    name=\"fields[phone]\"\n    placeholder=\"\"\n    value=\"\"\n                \n        \n        \n    \n    \n    \n    \n>\n\n\n    \n    \n<\/div>\n\n\n<div class=\"breakdance-form-field breakdance-form-field--textarea\" >\n    \n    \n            <label class=\"breakdance-form-field__label\" for=\"message\">\n            Tre\u015b\u0107 wiadomo\u015bci<span class=\"breakdance-form-field__required\">*<\/span>\n        <\/label>\n    \n    <textarea\n    class=\"breakdance-form-field__input\"\n    id=\"message\"\n    aria-describedby=\"message\"\n    type=\"textarea\"\n    name=\"fields[message]\"\n        placeholder=\"\"\n    required\n    >\n<\/textarea>\n\n\n    \n    \n<\/div>\n\n\n<div class=\"breakdance-form-field breakdance-form-field--html\" >\n    \n    \n    \n    <div class=\"form-input-html\"\n    >\n  <p style=\"font-size: 0.75rem\">* Pola obowi\u0105zkowe<\/p>\n<\/div>\n\n\n    \n    \n<\/div>\n\n\n<div class=\"breakdance-form-field breakdance-form-field--checkbox\" >\n    \n    \n    \n    <fieldset role=\"group\"\n    aria-label=\"Administratorem danych jest Selena Waterproofing Sp. z o.o. \u00a0z siedzib\u0105 we Wroc\u0142awiu, przy ul. Legnicka 48A, 54-202 Wroc\u0142aw. Twoje dane osobowe przetwarzamy w celu przedstawienia oferty oraz realizowania naszych prawnie uzasadnionych interes\u00f3w opisanych Polityce prywatno\u015bci. Wyra\u017cone zgody mo\u017cesz w ka\u017cdej chwili wycofa\u0107. Masz prawo dost\u0119pu do tre\u015bci swoich danych oraz prawo ich sprostowania, usuni\u0119cia, ograniczenia przetwarzania, prawo do sprzeciwu wobec przetwarzania, prawo do przenoszenia danych, a tak\u017ce prawo do wniesienia skargi do Prezesa Urz\u0119du Ochrony Danych Osobowych. Szczeg\u00f3\u0142owe informacje dotycz\u0105ce przetwarzania danych osobowych znajduj\u0105 si\u0119 w Polityce Prywatno\u015bci. Zawsze mo\u017cesz skontaktowa\u0107 si\u0119 z nami poprzez e-mail:\u00a0rodo@selena.comzobacz\"\n    >\n       <legend class=\"breakdance-form-field__label\"><div class=\"show-more-container\">Administratorem danych jest Selena Waterproofing Sp. z o.o. \u00a0z siedzib\u0105 we Wroc\u0142awiu, przy ul. Legnicka 48A, 54-202 Wroc\u0142aw. Twoje dane osobowe przetwarzamy w celu przedstawienia oferty oraz realizowania naszych prawnie uzasadnionych interes\u00f3w opisanych Polityce prywatno\u015bci. Wyra\u017cone zgody mo\u017cesz w ka\u017cdej chwili wycofa\u0107. Masz prawo dost\u0119pu do tre\u015bci swoich danych oraz prawo ich sprostowania, usuni\u0119cia, ograniczenia przetwarzania, prawo do sprzeciwu wobec przetwarzania, prawo do przenoszenia danych, a tak\u017ce prawo do wniesienia skargi do Prezesa Urz\u0119du Ochrony Danych Osobowych. Szczeg\u00f3\u0142owe informacje dotycz\u0105ce przetwarzania danych osobowych znajduj\u0105 si\u0119 w Polityce Prywatno\u015bci. Zawsze mo\u017cesz skontaktowa\u0107 si\u0119 z nami poprzez e-mail:\u00a0rodo@selena.com<\/div><a class=\"show-more-btn\">zobacz<\/a><span class=\"breakdance-form-field__required\">*<\/span><\/legend>\n          <div class=\"breakdance-form-checkbox\">\n          <input\n              type=\"checkbox\"\n              name=\"fields[hciyyi]\"\n              value=\"Wyra\u017cam zgod\u0119 na przetwarzanie moich danych osobowych podanych w formularzu w celu umo\u017cliwienia kontaktu przez Selena Waterproofing  z siedzib\u0105 we Wroc\u0142awiu (dalej: Sp\u00f3\u0142ka lub Administrator), kt\u00f3ra to Sp\u00f3\u0142ka b\u0119dzie administratorem moich danych osobowych. Wyra\u017cenie zgody jest dobrowolne, jednak jest niezb\u0119dne, aby\u015bmy mogli skontaktowa\u0107 si\u0119 z Tob\u0105 po wype\u0142nieniu formularza kontaktowego.\"\n              id=\"hciyyi-1\"\n              \n                        >\n          <label class=\"breakdance-form-checkbox__text\" for=\"hciyyi-1\">Wyra\u017cam zgod\u0119 na przetwarzanie moich danych osobowych podanych w formularzu w celu umo\u017cliwienia kontaktu przez Selena Waterproofing  z siedzib\u0105 we Wroc\u0142awiu (dalej: Sp\u00f3\u0142ka lub Administrator), kt\u00f3ra to Sp\u00f3\u0142ka b\u0119dzie administratorem moich danych osobowych. Wyra\u017cenie zgody jest dobrowolne, jednak jest niezb\u0119dne, aby\u015bmy mogli skontaktowa\u0107 si\u0119 z Tob\u0105 po wype\u0142nieniu formularza kontaktowego.<\/label>\n      <\/div>\n  <\/fieldset>\n\n\n\n    \n    \n<\/div>\n\n\n<div class=\"breakdance-form-field breakdance-form-field--checkbox breakdance-form-field__hide-label\" >\n    \n    \n    \n    <fieldset role=\"group\"\n    aria-label=\"Zgody\"\n    >\n       <legend class=\"breakdance-form-field__label\">Zgody<\/legend>\n          <div class=\"breakdance-form-checkbox\">\n          <input\n              type=\"checkbox\"\n              name=\"fields[litqhv][]\"\n              value=\"Wyra\u017cam zgod\u0119, aby Selena Waterproofing przesy\u0142a\u0142a wiadomo\u015bci marketingowe na podany przeze mnie adres e-mail.\"\n              id=\"litqhv-1\"\n              \n                        >\n          <label class=\"breakdance-form-checkbox__text\" for=\"litqhv-1\">Wyra\u017cam zgod\u0119, aby Selena Waterproofing przesy\u0142a\u0142a wiadomo\u015bci marketingowe na podany przeze mnie adres e-mail.<\/label>\n      <\/div>\n        <div class=\"breakdance-form-checkbox\">\n          <input\n              type=\"checkbox\"\n              name=\"fields[litqhv][]\"\n              value=\"Wyra\u017cam zgod\u0119, aby Selena Waterproofing kontaktowa\u0142a si\u0119 ze mn\u0105 w celach marketingowych na podany przeze mnie numer telefonu (rozmowy, SMS, MMS).\"\n              id=\"litqhv-2\"\n              \n                        >\n          <label class=\"breakdance-form-checkbox__text\" for=\"litqhv-2\">Wyra\u017cam zgod\u0119, aby Selena Waterproofing kontaktowa\u0142a si\u0119 ze mn\u0105 w celach marketingowych na podany przeze mnie numer telefonu (rozmowy, SMS, MMS).<\/label>\n      <\/div>\n  <\/fieldset>\n\n\n\n    \n    \n<\/div>\n\n\n  \n\n<div class=\"breakdance-form-field breakdance-form-footer\">\n    \n    \n                                    \n    \n    \n    \n    \n            \n            <button type=\"submit\" class=\"button-atom button-atom--primary breakdance-form-button breakdance-form-button__submit\"  >\n    \n        <span class=\"button-atom__text\">Wy\u015blij<\/span>\n\n        \n        \n            <\/button>\n    \n    <input type=\"hidden\" name=\"form_id\" value=\"102\">\n    <input type=\"hidden\" name=\"post_id\" value=\"1162\">\n<\/div>\n\n  \n<\/form>\n\n\n<\/div><\/div><\/div>\n<\/div><\/div>\n<\/section><\/div>","protected":false},"excerpt":{"rendered":"<p>\u00a0Modern polimer megold\u00e1sok tet\u0151fed\u00e9sek, erk\u00e9lyek, teraszok \u00e9s alapok v\u00edzszigetel\u00e9s\u00e9re!\u00a0 Zobacz wi\u0119cej MATIZOL KOMPLETTSZOLG\u00c1LTAT\u00c1SOK Ismerje meg a bitumenes rendszereket \u00e9s megold\u00e1sokat lapos \u00e9s ferde tet\u0151kh\u00f6z, valamint alapokhoz. Fedezze fel a legig\u00e9nyesebb szakemberek \u00e1ltal v\u00e1lasztott term\u00e9keket. Produkty Systemy Ismerje meg a Matizolt A Matizol az egyik kev\u00e9s lengyel v\u00e1llalat, amely t\u00f6bb mint 120 \u00e9ves hagyom\u00e1nyokkal b\u00fcszk\u00e9lkedhet a [&hellip;]<\/p>\n","protected":false},"author":1,"featured_media":0,"parent":0,"menu_order":0,"comment_status":"closed","ping_status":"closed","template":"","meta":{"_breakdance_hide_in_design_set":false,"_breakdance_tags":"","footnotes":""},"class_list":["post-5181","page","type-page","status-publish","hentry"],"yoast_head":"<!-- This site is optimized with the Yoast SEO plugin v27.3 - https:\/\/yoast.com\/product\/yoast-seo-wordpress\/ -->\n<title>Tapasztalattal igazolt min\u0151s\u00e9g - MATIZOL Proofed by Experience<\/title>\n<meta name=\"description\" content=\"Lengyelorsz\u00e1g vezet\u0151 sz\u00e1ll\u00edt\u00f3ja a lapos tet\u0151kh\u00f6z k\u00e9sz\u00fclt kiv\u00e1l\u00f3 min\u0151s\u00e9g\u0171 bitumenes rendszerek ter\u00e9n.\" \/>\n<meta name=\"robots\" content=\"index, follow, max-snippet:-1, max-image-preview:large, max-video-preview:-1\" \/>\n<link rel=\"canonical\" href=\"https:\/\/matizol.com\/hu\/\" \/>\n<meta property=\"og:locale\" content=\"hu_HU\" \/>\n<meta property=\"og:type\" content=\"article\" \/>\n<meta property=\"og:title\" content=\"Tapasztalattal igazolt min\u0151s\u00e9g - MATIZOL Proofed by Experience\" \/>\n<meta property=\"og:description\" content=\"Lengyelorsz\u00e1g vezet\u0151 sz\u00e1ll\u00edt\u00f3ja a lapos tet\u0151kh\u00f6z k\u00e9sz\u00fclt kiv\u00e1l\u00f3 min\u0151s\u00e9g\u0171 bitumenes rendszerek ter\u00e9n.\" \/>\n<meta property=\"og:url\" content=\"https:\/\/matizol.com\/hu\/\" \/>\n<meta property=\"og:site_name\" content=\"Matizol\" \/>\n<meta property=\"article:modified_time\" content=\"2025-06-12T07:44:08+00:00\" \/>\n<meta name=\"twitter:card\" content=\"summary_large_image\" \/>\n<script type=\"application\/ld+json\" class=\"yoast-schema-graph\">{\"@context\":\"https:\\\/\\\/schema.org\",\"@graph\":[{\"@type\":\"WebPage\",\"@id\":\"https:\\\/\\\/matizol.com\\\/hu\\\/\",\"url\":\"https:\\\/\\\/matizol.com\\\/hu\\\/\",\"name\":\"Tapasztalattal igazolt min\u0151s\u00e9g - MATIZOL Proofed by Experience\",\"isPartOf\":{\"@id\":\"https:\\\/\\\/matizol.com\\\/hu\\\/#website\"},\"datePublished\":\"2024-08-16T09:02:49+00:00\",\"dateModified\":\"2025-06-12T07:44:08+00:00\",\"description\":\"Lengyelorsz\u00e1g vezet\u0151 sz\u00e1ll\u00edt\u00f3ja a lapos tet\u0151kh\u00f6z k\u00e9sz\u00fclt kiv\u00e1l\u00f3 min\u0151s\u00e9g\u0171 bitumenes rendszerek ter\u00e9n.\",\"breadcrumb\":{\"@id\":\"https:\\\/\\\/matizol.com\\\/hu\\\/#breadcrumb\"},\"inLanguage\":\"hu\",\"potentialAction\":[{\"@type\":\"ReadAction\",\"target\":[\"https:\\\/\\\/matizol.com\\\/hu\\\/\"]}]},{\"@type\":\"BreadcrumbList\",\"@id\":\"https:\\\/\\\/matizol.com\\\/hu\\\/#breadcrumb\",\"itemListElement\":[{\"@type\":\"ListItem\",\"position\":1,\"name\":\"Strona g\u0142\u00f3wna\",\"item\":\"https:\\\/\\\/matizol.com\\\/hu\\\/strona-glowna\\\/\"},{\"@type\":\"ListItem\",\"position\":2,\"name\":\"Home page HU\"}]},{\"@type\":\"WebSite\",\"@id\":\"https:\\\/\\\/matizol.com\\\/hu\\\/#website\",\"url\":\"https:\\\/\\\/matizol.com\\\/hu\\\/\",\"name\":\"Matizol\",\"description\":\"Poland&#039;s leading supplier of high-quality bitumen systems for flat roofs.\",\"potentialAction\":[{\"@type\":\"SearchAction\",\"target\":{\"@type\":\"EntryPoint\",\"urlTemplate\":\"https:\\\/\\\/matizol.com\\\/hu\\\/?s={search_term_string}\"},\"query-input\":{\"@type\":\"PropertyValueSpecification\",\"valueRequired\":true,\"valueName\":\"search_term_string\"}}],\"inLanguage\":\"hu\"}]}<\/script>\n<!-- \/ Yoast SEO plugin. -->","yoast_head_json":{"title":"Tapasztalattal igazolt min\u0151s\u00e9g - MATIZOL Proofed by Experience","description":"Lengyelorsz\u00e1g vezet\u0151 sz\u00e1ll\u00edt\u00f3ja a lapos tet\u0151kh\u00f6z k\u00e9sz\u00fclt kiv\u00e1l\u00f3 min\u0151s\u00e9g\u0171 bitumenes rendszerek ter\u00e9n.","robots":{"index":"index","follow":"follow","max-snippet":"max-snippet:-1","max-image-preview":"max-image-preview:large","max-video-preview":"max-video-preview:-1"},"canonical":"https:\/\/matizol.com\/hu\/","og_locale":"hu_HU","og_type":"article","og_title":"Tapasztalattal igazolt min\u0151s\u00e9g - MATIZOL Proofed by Experience","og_description":"Lengyelorsz\u00e1g vezet\u0151 sz\u00e1ll\u00edt\u00f3ja a lapos tet\u0151kh\u00f6z k\u00e9sz\u00fclt kiv\u00e1l\u00f3 min\u0151s\u00e9g\u0171 bitumenes rendszerek ter\u00e9n.","og_url":"https:\/\/matizol.com\/hu\/","og_site_name":"Matizol","article_modified_time":"2025-06-12T07:44:08+00:00","twitter_card":"summary_large_image","schema":{"@context":"https:\/\/schema.org","@graph":[{"@type":"WebPage","@id":"https:\/\/matizol.com\/hu\/","url":"https:\/\/matizol.com\/hu\/","name":"Tapasztalattal igazolt min\u0151s\u00e9g - MATIZOL Proofed by Experience","isPartOf":{"@id":"https:\/\/matizol.com\/hu\/#website"},"datePublished":"2024-08-16T09:02:49+00:00","dateModified":"2025-06-12T07:44:08+00:00","description":"Lengyelorsz\u00e1g vezet\u0151 sz\u00e1ll\u00edt\u00f3ja a lapos tet\u0151kh\u00f6z k\u00e9sz\u00fclt kiv\u00e1l\u00f3 min\u0151s\u00e9g\u0171 bitumenes rendszerek ter\u00e9n.","breadcrumb":{"@id":"https:\/\/matizol.com\/hu\/#breadcrumb"},"inLanguage":"hu","potentialAction":[{"@type":"ReadAction","target":["https:\/\/matizol.com\/hu\/"]}]},{"@type":"BreadcrumbList","@id":"https:\/\/matizol.com\/hu\/#breadcrumb","itemListElement":[{"@type":"ListItem","position":1,"name":"Strona g\u0142\u00f3wna","item":"https:\/\/matizol.com\/hu\/strona-glowna\/"},{"@type":"ListItem","position":2,"name":"Home page HU"}]},{"@type":"WebSite","@id":"https:\/\/matizol.com\/hu\/#website","url":"https:\/\/matizol.com\/hu\/","name":"Matizol","description":"Poland&#039;s leading supplier of high-quality bitumen systems for flat roofs.","potentialAction":[{"@type":"SearchAction","target":{"@type":"EntryPoint","urlTemplate":"https:\/\/matizol.com\/hu\/?s={search_term_string}"},"query-input":{"@type":"PropertyValueSpecification","valueRequired":true,"valueName":"search_term_string"}}],"inLanguage":"hu"}]}},"meta_box":[],"_links":{"self":[{"href":"https:\/\/matizol.com\/hu\/wp-json\/wp\/v2\/pages\/5181","targetHints":{"allow":["GET"]}}],"collection":[{"href":"https:\/\/matizol.com\/hu\/wp-json\/wp\/v2\/pages"}],"about":[{"href":"https:\/\/matizol.com\/hu\/wp-json\/wp\/v2\/types\/page"}],"author":[{"embeddable":true,"href":"https:\/\/matizol.com\/hu\/wp-json\/wp\/v2\/users\/1"}],"replies":[{"embeddable":true,"href":"https:\/\/matizol.com\/hu\/wp-json\/wp\/v2\/comments?post=5181"}],"version-history":[{"count":5,"href":"https:\/\/matizol.com\/hu\/wp-json\/wp\/v2\/pages\/5181\/revisions"}],"predecessor-version":[{"id":5272,"href":"https:\/\/matizol.com\/hu\/wp-json\/wp\/v2\/pages\/5181\/revisions\/5272"}],"wp:attachment":[{"href":"https:\/\/matizol.com\/hu\/wp-json\/wp\/v2\/media?parent=5181"}],"curies":[{"name":"wp","href":"https:\/\/api.w.org\/{rel}","templated":true}]}}